{"id":1127,"date":"2024-05-16T13:49:38","date_gmt":"2024-05-16T13:49:38","guid":{"rendered":"https:\/\/qlaay-backup.com\/?page_id=1127"},"modified":"2024-11-16T14:52:32","modified_gmt":"2024-11-16T14:52:32","slug":"bea-romeo","status":"publish","type":"page","link":"https:\/\/qlaay.com\/fr\/bea-romeo\/","title":{"rendered":"bea romeo"},"content":{"rendered":"<div data-elementor-type=\"wp-page\" data-elementor-id=\"1127\" class=\"elementor elementor-1127\">\n\t\t\t\t<div class=\"elementor-element elementor-element-4a543af e-con-full e-flex wpr-particle-no wpr-jarallax-no wpr-parallax-no wpr-sticky-section-no wpr-equal-height-no e-con e-parent\" data-id=\"4a543af\" data-element_type=\"container\" data-e-type=\"container\">\n\t\t<div class=\"elementor-element elementor-element-8bf667f e-con-full e-flex wpr-particle-no wpr-jarallax-no wpr-parallax-no wpr-sticky-section-no wpr-equal-height-no e-con e-child\" data-id=\"8bf667f\" data-element_type=\"container\" data-e-type=\"container\">\n\t\t\t\t<div class=\"elementor-element elementor-element-f4ec40c hfe-nav-menu__align-right elementor-widget-mobile__width-inherit hfe-submenu-icon-arrow hfe-link-redirect-child hfe-nav-menu__breakpoint-tablet elementor-widget elementor-widget-navigation-menu\" data-id=\"f4ec40c\" data-element_type=\"widget\" data-e-type=\"widget\" data-settings=\"{&quot;padding_vertical_menu_item&quot;:{&quot;unit&quot;:&quot;px&quot;,&quot;size&quot;:5,&quot;sizes&quot;:[]},&quot;menu_space_between&quot;:{&quot;unit&quot;:&quot;px&quot;,&quot;size&quot;:0,&quot;sizes&quot;:[]},&quot;padding_horizontal_menu_item&quot;:{&quot;unit&quot;:&quot;px&quot;,&quot;size&quot;:5,&quot;sizes&quot;:[]},&quot;padding_vertical_dropdown_item&quot;:{&quot;unit&quot;:&quot;px&quot;,&quot;size&quot;:5,&quot;sizes&quot;:[]},&quot;padding_horizontal_menu_item_tablet&quot;:{&quot;unit&quot;:&quot;px&quot;,&quot;size&quot;:&quot;&quot;,&quot;sizes&quot;:[]},&quot;padding_horizontal_menu_item_mobile&quot;:{&quot;unit&quot;:&quot;px&quot;,&quot;size&quot;:&quot;&quot;,&quot;sizes&quot;:[]},&quot;padding_vertical_menu_item_tablet&quot;:{&quot;unit&quot;:&quot;px&quot;,&quot;size&quot;:&quot;&quot;,&quot;sizes&quot;:[]},&quot;padding_vertical_menu_item_mobile&quot;:{&quot;unit&quot;:&quot;px&quot;,&quot;size&quot;:&quot;&quot;,&quot;sizes&quot;:[]},&quot;menu_space_between_tablet&quot;:{&quot;unit&quot;:&quot;px&quot;,&quot;size&quot;:&quot;&quot;,&quot;sizes&quot;:[]},&quot;menu_space_between_mobile&quot;:{&quot;unit&quot;:&quot;px&quot;,&quot;size&quot;:&quot;&quot;,&quot;sizes&quot;:[]},&quot;dropdown_border_radius&quot;:{&quot;unit&quot;:&quot;px&quot;,&quot;top&quot;:&quot;&quot;,&quot;right&quot;:&quot;&quot;,&quot;bottom&quot;:&quot;&quot;,&quot;left&quot;:&quot;&quot;,&quot;isLinked&quot;:true},&quot;dropdown_border_radius_tablet&quot;:{&quot;unit&quot;:&quot;px&quot;,&quot;top&quot;:&quot;&quot;,&quot;right&quot;:&quot;&quot;,&quot;bottom&quot;:&quot;&quot;,&quot;left&quot;:&quot;&quot;,&quot;isLinked&quot;:true},&quot;dropdown_border_radius_mobile&quot;:{&quot;unit&quot;:&quot;px&quot;,&quot;top&quot;:&quot;&quot;,&quot;right&quot;:&quot;&quot;,&quot;bottom&quot;:&quot;&quot;,&quot;left&quot;:&quot;&quot;,&quot;isLinked&quot;:true},&quot;padding_horizontal_dropdown_item&quot;:{&quot;unit&quot;:&quot;px&quot;,&quot;size&quot;:&quot;&quot;,&quot;sizes&quot;:[]},&quot;padding_horizontal_dropdown_item_tablet&quot;:{&quot;unit&quot;:&quot;px&quot;,&quot;size&quot;:&quot;&quot;,&quot;sizes&quot;:[]},&quot;padding_horizontal_dropdown_item_mobile&quot;:{&quot;unit&quot;:&quot;px&quot;,&quot;size&quot;:&quot;&quot;,&quot;sizes&quot;:[]},&quot;padding_vertical_dropdown_item_tablet&quot;:{&quot;unit&quot;:&quot;px&quot;,&quot;size&quot;:&quot;&quot;,&quot;sizes&quot;:[]},&quot;padding_vertical_dropdown_item_mobile&quot;:{&quot;unit&quot;:&quot;px&quot;,&quot;size&quot;:&quot;&quot;,&quot;sizes&quot;:[]},&quot;distance_from_menu&quot;:{&quot;unit&quot;:&quot;px&quot;,&quot;size&quot;:&quot;&quot;,&quot;sizes&quot;:[]},&quot;distance_from_menu_tablet&quot;:{&quot;unit&quot;:&quot;px&quot;,&quot;size&quot;:&quot;&quot;,&quot;sizes&quot;:[]},&quot;distance_from_menu_mobile&quot;:{&quot;unit&quot;:&quot;px&quot;,&quot;size&quot;:&quot;&quot;,&quot;sizes&quot;:[]},&quot;toggle_size&quot;:{&quot;unit&quot;:&quot;px&quot;,&quot;size&quot;:&quot;&quot;,&quot;sizes&quot;:[]},&quot;toggle_size_tablet&quot;:{&quot;unit&quot;:&quot;px&quot;,&quot;size&quot;:&quot;&quot;,&quot;sizes&quot;:[]},&quot;toggle_size_mobile&quot;:{&quot;unit&quot;:&quot;px&quot;,&quot;size&quot;:&quot;&quot;,&quot;sizes&quot;:[]},&quot;toggle_border_width&quot;:{&quot;unit&quot;:&quot;px&quot;,&quot;size&quot;:&quot;&quot;,&quot;sizes&quot;:[]},&quot;toggle_border_width_tablet&quot;:{&quot;unit&quot;:&quot;px&quot;,&quot;size&quot;:&quot;&quot;,&quot;sizes&quot;:[]},&quot;toggle_border_width_mobile&quot;:{&quot;unit&quot;:&quot;px&quot;,&quot;size&quot;:&quot;&quot;,&quot;sizes&quot;:[]},&quot;toggle_border_radius&quot;:{&quot;unit&quot;:&quot;px&quot;,&quot;size&quot;:&quot;&quot;,&quot;sizes&quot;:[]},&quot;toggle_border_radius_tablet&quot;:{&quot;unit&quot;:&quot;px&quot;,&quot;size&quot;:&quot;&quot;,&quot;sizes&quot;:[]},&quot;toggle_border_radius_mobile&quot;:{&quot;unit&quot;:&quot;px&quot;,&quot;size&quot;:&quot;&quot;,&quot;sizes&quot;:[]}}\" data-widget_type=\"navigation-menu.default\">\n\t\t\t\t<div class=\"elementor-widget-container\">\n\t\t\t\t\t\t\t\t<div class=\"hfe-nav-menu hfe-layout-vertical hfe-nav-menu-layout vertical\" data-layout=\"vertical\">\n\t\t\t\t<div role=\"button\" class=\"hfe-nav-menu__toggle elementor-clickable\" tabindex=\"0\" aria-label=\"Menu Toggle\">\n\t\t\t\t\t<span class=\"screen-reader-text\">Menu<\/span>\n\t\t\t\t\t<div class=\"hfe-nav-menu-icon\">\n\t\t\t\t\t\t<i aria-hidden=\"true\"  class=\"fas fa-align-justify\"><\/i>\t\t\t\t\t<\/div>\n\t\t\t\t<\/div>\n\t\t\t\t<nav class=\"hfe-nav-menu__layout-vertical hfe-nav-menu__submenu-arrow\" data-toggle-icon=\"&lt;i aria-hidden=&quot;true&quot; tabindex=&quot;0&quot; class=&quot;fas fa-align-justify&quot;&gt;&lt;\/i&gt;\" data-close-icon=\"&lt;i aria-hidden=&quot;true&quot; tabindex=&quot;0&quot; class=&quot;far fa-window-close&quot;&gt;&lt;\/i&gt;\" data-full-width=\"yes\">\n\t\t\t\t\t<ul id=\"menu-1-f4ec40c\" class=\"hfe-nav-menu\"><li id=\"menu-item-3737\" class=\"menu-item menu-item-type-post_type menu-item-object-page parent hfe-creative-menu\"><a href=\"https:\/\/qlaay.com\/fr\/qups\/\" class = \"hfe-menu-item\">qups<\/a><\/li>\n<li id=\"menu-item-3797\" class=\"menu-item menu-item-type-post_type menu-item-object-page parent hfe-creative-menu\"><a href=\"https:\/\/qlaay.com\/fr\/bowls\/\" class = \"hfe-menu-item\">bowls<\/a><\/li>\n<li id=\"menu-item-3796\" class=\"menu-item menu-item-type-post_type menu-item-object-page parent hfe-creative-menu\"><a href=\"https:\/\/qlaay.com\/fr\/vases\/\" class = \"hfe-menu-item\">vases<\/a><\/li>\n<li id=\"menu-item-3794\" class=\"menu-item menu-item-type-post_type menu-item-object-page parent hfe-creative-menu\"><a href=\"https:\/\/qlaay.com\/fr\/hand-built\/\" class = \"hfe-menu-item\">mod\u00e9l\u00e9<\/a><\/li>\n<li id=\"menu-item-3793\" class=\"menu-item menu-item-type-post_type menu-item-object-page parent hfe-creative-menu\"><a href=\"https:\/\/qlaay.com\/fr\/wheel-thrown\/\" class = \"hfe-menu-item\">au tour<\/a><\/li>\n<li id=\"menu-item-3795\" class=\"menu-item menu-item-type-post_type menu-item-object-page parent hfe-creative-menu\"><a href=\"https:\/\/qlaay.com\/fr\/porcelain\/\" class = \"hfe-menu-item\">procelain<\/a><\/li>\n<li id=\"menu-item-3792\" class=\"menu-item menu-item-type-post_type menu-item-object-page parent hfe-creative-menu\"><a href=\"https:\/\/qlaay.com\/fr\/black-stoneware\/\" class = \"hfe-menu-item\">noir lisse<\/a><\/li>\n<li id=\"menu-item-3791\" class=\"menu-item menu-item-type-post_type menu-item-object-page parent hfe-creative-menu\"><a href=\"https:\/\/qlaay.com\/fr\/white-stoneware\/\" class = \"hfe-menu-item\">gr\u00e8s blanc<\/a><\/li>\n<li id=\"menu-item-6172\" class=\"menu-item menu-item-type-post_type menu-item-object-page parent hfe-creative-menu\"><a href=\"https:\/\/qlaay.com\/fr\/red-stoneware\/\" class = \"hfe-menu-item\">red stoneware<\/a><\/li>\n<li id=\"menu-item-6312\" class=\"menu-item menu-item-type-post_type menu-item-object-page parent hfe-creative-menu\"><a href=\"https:\/\/qlaay.com\/fr\/wild-qlaay\/\" class = \"hfe-menu-item\">wild qlaay<\/a><\/li>\n<li id=\"menu-item-1910\" class=\"menu-item menu-item-type-post_type menu-item-object-page parent hfe-creative-menu\"><a href=\"https:\/\/qlaay.com\/fr\/bea-romeo\/\" class = \"hfe-menu-item\">bea romeo<\/a><\/li>\n<li id=\"menu-item-1911\" class=\"menu-item menu-item-type-post_type menu-item-object-page parent hfe-creative-menu\"><a href=\"https:\/\/qlaay.com\/fr\/e-m-romeo\/\" class = \"hfe-menu-item\">e.m.romeo<\/a><\/li>\n<li id=\"menu-item-3927\" class=\"menu-item menu-item-type-post_type menu-item-object-page menu-item-has-children parent hfe-has-submenu hfe-creative-menu\"><div class=\"hfe-has-submenu-container\" tabindex=\"0\" role=\"button\" aria-haspopup=\"true\" aria-expanded=\"false\"><a href=\"https:\/\/qlaay.com\/fr\/merch\/\" class = \"hfe-menu-item\">merch<span class='hfe-menu-toggle sub-arrow hfe-menu-child-0'><i class='fa'><\/i><\/span><\/a><\/div>\n<ul class=\"sub-menu\">\n\t<li id=\"menu-item-5591\" class=\"menu-item menu-item-type-post_type menu-item-object-page hfe-creative-menu\"><a href=\"https:\/\/qlaay.com\/fr\/hoodies\/\" class = \"hfe-sub-menu-item\">hoodies<\/a><\/li>\n\t<li id=\"menu-item-5588\" class=\"menu-item menu-item-type-post_type menu-item-object-page hfe-creative-menu\"><a href=\"https:\/\/qlaay.com\/fr\/aprons\/\" class = \"hfe-sub-menu-item\">aprons<\/a><\/li>\n\t<li id=\"menu-item-3926\" class=\"menu-item menu-item-type-post_type menu-item-object-page menu-item-has-children hfe-has-submenu hfe-creative-menu\"><div class=\"hfe-has-submenu-container\" tabindex=\"0\" role=\"button\" aria-haspopup=\"true\" aria-expanded=\"false\"><a href=\"https:\/\/qlaay.com\/fr\/hats\/\" class = \"hfe-sub-menu-item\">hats<span class='hfe-menu-toggle sub-arrow hfe-menu-child-1'><i class='fa'><\/i><\/span><\/a><\/div>\n\t<ul class=\"sub-menu\">\n\t\t<li id=\"menu-item-5487\" class=\"menu-item menu-item-type-post_type menu-item-object-page hfe-creative-menu\"><a href=\"https:\/\/qlaay.com\/fr\/winter-hats\/\" class = \"hfe-sub-menu-item\">winter hats<\/a><\/li>\n\t\t<li id=\"menu-item-5456\" class=\"menu-item menu-item-type-post_type menu-item-object-page menu-item-has-children hfe-has-submenu hfe-creative-menu\"><div class=\"hfe-has-submenu-container\" tabindex=\"0\" role=\"button\" aria-haspopup=\"true\" aria-expanded=\"false\"><a href=\"https:\/\/qlaay.com\/fr\/amphora\/\" class = \"hfe-sub-menu-item\">amphora<span class='hfe-menu-toggle sub-arrow hfe-menu-child-2'><i class='fa'><\/i><\/span><\/a><\/div>\n\t\t<ul class=\"sub-menu\">\n\t\t\t<li id=\"menu-item-4104\" class=\"menu-item menu-item-type-post_type menu-item-object-page hfe-creative-menu\"><a href=\"https:\/\/qlaay.com\/fr\/snow-white\/\" class = \"hfe-sub-menu-item\">snow white<\/a><\/li>\n\t\t\t<li id=\"menu-item-4397\" class=\"menu-item menu-item-type-post_type menu-item-object-page hfe-creative-menu\"><a href=\"https:\/\/qlaay.com\/fr\/royal-blue\/\" class = \"hfe-sub-menu-item\">royal blue<\/a><\/li>\n\t\t\t<li id=\"menu-item-4393\" class=\"menu-item menu-item-type-post_type menu-item-object-page hfe-creative-menu\"><a href=\"https:\/\/qlaay.com\/fr\/pink-flamingo\/\" class = \"hfe-sub-menu-item\">pink flamingo<\/a><\/li>\n\t\t\t<li id=\"menu-item-4390\" class=\"menu-item menu-item-type-post_type menu-item-object-page hfe-creative-menu\"><a href=\"https:\/\/qlaay.com\/fr\/old-gold\/\" class = \"hfe-sub-menu-item\">old gold<\/a><\/li>\n\t\t\t<li id=\"menu-item-4396\" class=\"menu-item menu-item-type-post_type menu-item-object-page hfe-creative-menu\"><a href=\"https:\/\/qlaay.com\/fr\/navy-blue\/\" class = \"hfe-sub-menu-item\">navy blue<\/a><\/li>\n\t\t\t<li id=\"menu-item-4388\" class=\"menu-item menu-item-type-post_type menu-item-object-page hfe-creative-menu\"><a href=\"https:\/\/qlaay.com\/fr\/midnight-black\/\" class = \"hfe-sub-menu-item\">midnight black<\/a><\/li>\n\t\t\t<li id=\"menu-item-4860\" class=\"menu-item menu-item-type-post_type menu-item-object-page hfe-creative-menu\"><a href=\"https:\/\/qlaay.com\/fr\/kiwi-green\/\" class = \"hfe-sub-menu-item\">kiwi green<\/a><\/li>\n\t\t\t<li id=\"menu-item-4399\" class=\"menu-item menu-item-type-post_type menu-item-object-page hfe-creative-menu\"><a href=\"https:\/\/qlaay.com\/fr\/kelly-green\/\" class = \"hfe-sub-menu-item\">kelly green<\/a><\/li>\n\t\t\t<li id=\"menu-item-4062\" class=\"menu-item menu-item-type-post_type menu-item-object-page hfe-creative-menu\"><a href=\"https:\/\/qlaay.com\/fr\/imperial-purple\/\" class = \"hfe-sub-menu-item\">imperial purple<\/a><\/li>\n\t\t\t<li id=\"menu-item-4392\" class=\"menu-item menu-item-type-post_type menu-item-object-page hfe-creative-menu\"><a href=\"https:\/\/qlaay.com\/fr\/hot-orange\/\" class = \"hfe-sub-menu-item\">hot orange<\/a><\/li>\n\t\t\t<li id=\"menu-item-4398\" class=\"menu-item menu-item-type-post_type menu-item-object-page hfe-creative-menu\"><a href=\"https:\/\/qlaay.com\/fr\/aqua-teal\/\" class = \"hfe-sub-menu-item\">aqua teal<\/a><\/li>\n\t\t\t<li id=\"menu-item-4389\" class=\"menu-item menu-item-type-post_type menu-item-object-page hfe-creative-menu\"><a href=\"https:\/\/qlaay.com\/fr\/battleship-grey\/\" class = \"hfe-sub-menu-item\">battleship grey<\/a><\/li>\n\t\t\t<li id=\"menu-item-4394\" class=\"menu-item menu-item-type-post_type menu-item-object-page hfe-creative-menu\"><a href=\"https:\/\/qlaay.com\/fr\/cherry-red\/\" class = \"hfe-sub-menu-item\">cherry red<\/a><\/li>\n\t\t\t<li id=\"menu-item-4395\" class=\"menu-item menu-item-type-post_type menu-item-object-page hfe-creative-menu\"><a href=\"https:\/\/qlaay.com\/fr\/deep-maroon\/\" class = \"hfe-sub-menu-item\">deep maroon<\/a><\/li>\n\t\t\t<li id=\"menu-item-4391\" class=\"menu-item menu-item-type-post_type menu-item-object-page hfe-creative-menu\"><a href=\"https:\/\/qlaay.com\/fr\/gold\/\" class = \"hfe-sub-menu-item\">gold<\/a><\/li>\n\t\t<\/ul>\n<\/li>\n\t<\/ul>\n<\/li>\n<\/ul>\n<\/li>\n<\/ul> \n\t\t\t\t<\/nav>\n\t\t\t<\/div>\n\t\t\t\t\t\t\t<\/div>\n\t\t\t\t<\/div>\n\t\t\t\t<\/div>\n\t\t\t\t<div class=\"elementor-element elementor-element-125e181 elementor-widget elementor-widget-image\" data-id=\"125e181\" data-element_type=\"widget\" data-e-type=\"widget\" data-widget_type=\"image.default\">\n\t\t\t\t<div class=\"elementor-widget-container\">\n\t\t\t\t\t\t\t\t\t\t\t\t\t\t\t<img fetchpriority=\"high\" decoding=\"async\" width=\"480\" height=\"640\" src=\"https:\/\/qlaay.com\/wp-content\/uploads\/2024\/05\/portrait20.jpg\" class=\"attachment-medium_large size-medium_large wp-image-1174\" alt=\"\" srcset=\"https:\/\/qlaay.com\/wp-content\/uploads\/2024\/05\/portrait20.jpg 480w, https:\/\/qlaay.com\/wp-content\/uploads\/2024\/05\/portrait20-225x300.jpg 225w\" sizes=\"(max-width: 480px) 100vw, 480px\" \/>\t\t\t\t\t\t\t\t\t\t\t\t\t\t\t<\/div>\n\t\t\t\t<\/div>\n\t\t\t\t<div class=\"elementor-element elementor-element-0fc7232 elementor-widget elementor-widget-text-editor\" data-id=\"0fc7232\" data-element_type=\"widget\" data-e-type=\"widget\" data-widget_type=\"text-editor.default\">\n\t\t\t\t<div class=\"elementor-widget-container\">\n\t\t\t\t\t\t\t\t\t<p>Bienvenue dans mon atelier de c\u00e9ramique. Je m'appelle Bea Romeo et je suis dipl\u00f4m\u00e9e en beaux-arts. Mon approche de la c\u00e9ramique est influenc\u00e9e par les 15 ann\u00e9es d'enseignement du yoga et de la massoth\u00e9rapie que j'offre \u00e0 ma communaut\u00e9 locale.<\/p><p>Je suis inspir\u00e9e par les aspects m\u00e9ditatifs du processus cr\u00e9atif. Les actions et les mouvements r\u00e9p\u00e9titifs qu'implique la fabrication de la c\u00e9ramique apportent un sentiment de calme \u00e0 mon travail, semblable \u00e0 la tranquillit\u00e9 que l'on trouve dans le yoga et les massages. Chaque pi\u00e8ce que je cr\u00e9e refl\u00e8te cette attention et cette concentration.<\/p><p>I was introduced to the world of ceramics by my friends and teachers <a href=\"https:\/\/sites.google.com\/view\/laurenceverghadeceramique\">Laurence Verghade<\/a> and <a href=\"https:\/\/www.juliasimonotpalacio.com\/\">Julia Simonot<\/a> to whom I will forever be thankful for setting me off on my journey.<\/p><p>Merci d'avoir visit\u00e9 Qlaay. J'esp\u00e8re que mes c\u00e9ramiques apporteront un sentiment de paix et de beaut\u00e9 dans votre vie.<\/p>\t\t\t\t\t\t\t\t<\/div>\n\t\t\t\t<\/div>\n\t\t\t\t<\/div>\n\t\t\t\t<\/div>","protected":false},"excerpt":{"rendered":"<p>Menu qups bowls vases hand built wheel thrown porcelain black stoneware white stoneware bea romeo e.m.romeo merch hoodies aprons hats winter hats amphora snow white royal blue pink flamingo old gold navy blue midnight black kiwi green kelly green imperial purple hot orange aqua teal battleship grey cherry red deep maroon gold Welcome to my ceramics studio. My name is Bea Romeo, and I have a degree in Fine Art. My approach to ceramics is influenced by the 15 years of yoga instruction and massage therapy that I provide to my local community. I am inspired by the meditative aspects of the creative process. The repetitive actions and movements involved in making ceramics bring a sense of calm to my work, similar to the tranquility found in yoga and massage. Each piece I create reflects this mindfulness and focus. I was introduced to the world of ceramics by my friends and teachers Laurence Verghade and Julia Simonot to whom I will forever be thankful for setting me off on my journey. Thank you for visiting Qlaay. I hope my ceramics bring a sense of peace and beauty into your life.<\/p>","protected":false},"author":1,"featured_media":0,"parent":0,"menu_order":0,"comment_status":"closed","ping_status":"closed","template":"","meta":{"_eb_attr":"","footnotes":""},"class_list":["post-1127","page","type-page","status-publish","hentry"],"blocksy_meta":{"has_hero_section":"disabled"},"_links":{"self":[{"href":"https:\/\/qlaay.com\/fr\/wp-json\/wp\/v2\/pages\/1127","targetHints":{"allow":["GET"]}}],"collection":[{"href":"https:\/\/qlaay.com\/fr\/wp-json\/wp\/v2\/pages"}],"about":[{"href":"https:\/\/qlaay.com\/fr\/wp-json\/wp\/v2\/types\/page"}],"author":[{"embeddable":true,"href":"https:\/\/qlaay.com\/fr\/wp-json\/wp\/v2\/users\/1"}],"replies":[{"embeddable":true,"href":"https:\/\/qlaay.com\/fr\/wp-json\/wp\/v2\/comments?post=1127"}],"version-history":[{"count":115,"href":"https:\/\/qlaay.com\/fr\/wp-json\/wp\/v2\/pages\/1127\/revisions"}],"predecessor-version":[{"id":6170,"href":"https:\/\/qlaay.com\/fr\/wp-json\/wp\/v2\/pages\/1127\/revisions\/6170"}],"wp:attachment":[{"href":"https:\/\/qlaay.com\/fr\/wp-json\/wp\/v2\/media?parent=1127"}],"curies":[{"name":"wp","href":"https:\/\/api.w.org\/{rel}","templated":true}]}}