{"id":1197,"date":"2024-05-16T15:09:35","date_gmt":"2024-05-16T15:09:35","guid":{"rendered":"https:\/\/qlaay-backup.com\/?page_id=1197"},"modified":"2024-11-14T14:42:19","modified_gmt":"2024-11-14T14:42:19","slug":"e-m-romeo","status":"publish","type":"page","link":"https:\/\/qlaay.com\/fr\/e-m-romeo\/","title":{"rendered":"e.m.romeo"},"content":{"rendered":"<div data-elementor-type=\"wp-page\" data-elementor-id=\"1197\" class=\"elementor elementor-1197\">\n\t\t\t\t<div class=\"elementor-element elementor-element-4a543af e-con-full e-flex wpr-particle-no wpr-jarallax-no wpr-parallax-no wpr-sticky-section-no wpr-equal-height-no e-con e-parent\" data-id=\"4a543af\" data-element_type=\"container\" data-e-type=\"container\">\n\t\t<div class=\"elementor-element elementor-element-8bf667f e-con-full e-flex wpr-particle-no wpr-jarallax-no wpr-parallax-no wpr-sticky-section-no wpr-equal-height-no e-con e-child\" data-id=\"8bf667f\" data-element_type=\"container\" data-e-type=\"container\">\n\t\t\t\t<div class=\"elementor-element elementor-element-f4ec40c hfe-nav-menu__align-right elementor-widget-mobile__width-inherit hfe-submenu-icon-arrow hfe-link-redirect-child hfe-nav-menu__breakpoint-tablet elementor-widget elementor-widget-navigation-menu\" data-id=\"f4ec40c\" data-element_type=\"widget\" data-e-type=\"widget\" data-settings=\"{&quot;padding_vertical_menu_item&quot;:{&quot;unit&quot;:&quot;px&quot;,&quot;size&quot;:5,&quot;sizes&quot;:[]},&quot;menu_space_between&quot;:{&quot;unit&quot;:&quot;px&quot;,&quot;size&quot;:0,&quot;sizes&quot;:[]},&quot;padding_horizontal_menu_item&quot;:{&quot;unit&quot;:&quot;px&quot;,&quot;size&quot;:5,&quot;sizes&quot;:[]},&quot;padding_vertical_dropdown_item&quot;:{&quot;unit&quot;:&quot;px&quot;,&quot;size&quot;:5,&quot;sizes&quot;:[]},&quot;padding_horizontal_menu_item_tablet&quot;:{&quot;unit&quot;:&quot;px&quot;,&quot;size&quot;:&quot;&quot;,&quot;sizes&quot;:[]},&quot;padding_horizontal_menu_item_mobile&quot;:{&quot;unit&quot;:&quot;px&quot;,&quot;size&quot;:&quot;&quot;,&quot;sizes&quot;:[]},&quot;padding_vertical_menu_item_tablet&quot;:{&quot;unit&quot;:&quot;px&quot;,&quot;size&quot;:&quot;&quot;,&quot;sizes&quot;:[]},&quot;padding_vertical_menu_item_mobile&quot;:{&quot;unit&quot;:&quot;px&quot;,&quot;size&quot;:&quot;&quot;,&quot;sizes&quot;:[]},&quot;menu_space_between_tablet&quot;:{&quot;unit&quot;:&quot;px&quot;,&quot;size&quot;:&quot;&quot;,&quot;sizes&quot;:[]},&quot;menu_space_between_mobile&quot;:{&quot;unit&quot;:&quot;px&quot;,&quot;size&quot;:&quot;&quot;,&quot;sizes&quot;:[]},&quot;dropdown_border_radius&quot;:{&quot;unit&quot;:&quot;px&quot;,&quot;top&quot;:&quot;&quot;,&quot;right&quot;:&quot;&quot;,&quot;bottom&quot;:&quot;&quot;,&quot;left&quot;:&quot;&quot;,&quot;isLinked&quot;:true},&quot;dropdown_border_radius_tablet&quot;:{&quot;unit&quot;:&quot;px&quot;,&quot;top&quot;:&quot;&quot;,&quot;right&quot;:&quot;&quot;,&quot;bottom&quot;:&quot;&quot;,&quot;left&quot;:&quot;&quot;,&quot;isLinked&quot;:true},&quot;dropdown_border_radius_mobile&quot;:{&quot;unit&quot;:&quot;px&quot;,&quot;top&quot;:&quot;&quot;,&quot;right&quot;:&quot;&quot;,&quot;bottom&quot;:&quot;&quot;,&quot;left&quot;:&quot;&quot;,&quot;isLinked&quot;:true},&quot;padding_horizontal_dropdown_item&quot;:{&quot;unit&quot;:&quot;px&quot;,&quot;size&quot;:&quot;&quot;,&quot;sizes&quot;:[]},&quot;padding_horizontal_dropdown_item_tablet&quot;:{&quot;unit&quot;:&quot;px&quot;,&quot;size&quot;:&quot;&quot;,&quot;sizes&quot;:[]},&quot;padding_horizontal_dropdown_item_mobile&quot;:{&quot;unit&quot;:&quot;px&quot;,&quot;size&quot;:&quot;&quot;,&quot;sizes&quot;:[]},&quot;padding_vertical_dropdown_item_tablet&quot;:{&quot;unit&quot;:&quot;px&quot;,&quot;size&quot;:&quot;&quot;,&quot;sizes&quot;:[]},&quot;padding_vertical_dropdown_item_mobile&quot;:{&quot;unit&quot;:&quot;px&quot;,&quot;size&quot;:&quot;&quot;,&quot;sizes&quot;:[]},&quot;distance_from_menu&quot;:{&quot;unit&quot;:&quot;px&quot;,&quot;size&quot;:&quot;&quot;,&quot;sizes&quot;:[]},&quot;distance_from_menu_tablet&quot;:{&quot;unit&quot;:&quot;px&quot;,&quot;size&quot;:&quot;&quot;,&quot;sizes&quot;:[]},&quot;distance_from_menu_mobile&quot;:{&quot;unit&quot;:&quot;px&quot;,&quot;size&quot;:&quot;&quot;,&quot;sizes&quot;:[]},&quot;toggle_size&quot;:{&quot;unit&quot;:&quot;px&quot;,&quot;size&quot;:&quot;&quot;,&quot;sizes&quot;:[]},&quot;toggle_size_tablet&quot;:{&quot;unit&quot;:&quot;px&quot;,&quot;size&quot;:&quot;&quot;,&quot;sizes&quot;:[]},&quot;toggle_size_mobile&quot;:{&quot;unit&quot;:&quot;px&quot;,&quot;size&quot;:&quot;&quot;,&quot;sizes&quot;:[]},&quot;toggle_border_width&quot;:{&quot;unit&quot;:&quot;px&quot;,&quot;size&quot;:&quot;&quot;,&quot;sizes&quot;:[]},&quot;toggle_border_width_tablet&quot;:{&quot;unit&quot;:&quot;px&quot;,&quot;size&quot;:&quot;&quot;,&quot;sizes&quot;:[]},&quot;toggle_border_width_mobile&quot;:{&quot;unit&quot;:&quot;px&quot;,&quot;size&quot;:&quot;&quot;,&quot;sizes&quot;:[]},&quot;toggle_border_radius&quot;:{&quot;unit&quot;:&quot;px&quot;,&quot;size&quot;:&quot;&quot;,&quot;sizes&quot;:[]},&quot;toggle_border_radius_tablet&quot;:{&quot;unit&quot;:&quot;px&quot;,&quot;size&quot;:&quot;&quot;,&quot;sizes&quot;:[]},&quot;toggle_border_radius_mobile&quot;:{&quot;unit&quot;:&quot;px&quot;,&quot;size&quot;:&quot;&quot;,&quot;sizes&quot;:[]}}\" data-widget_type=\"navigation-menu.default\">\n\t\t\t\t<div class=\"elementor-widget-container\">\n\t\t\t\t\t\t\t\t<div class=\"hfe-nav-menu hfe-layout-vertical hfe-nav-menu-layout vertical\" data-layout=\"vertical\">\n\t\t\t\t<div role=\"button\" class=\"hfe-nav-menu__toggle elementor-clickable\" tabindex=\"0\" aria-label=\"Menu Toggle\">\n\t\t\t\t\t<span class=\"screen-reader-text\">Menu<\/span>\n\t\t\t\t\t<div class=\"hfe-nav-menu-icon\">\n\t\t\t\t\t\t<i aria-hidden=\"true\"  class=\"fas fa-align-justify\"><\/i>\t\t\t\t\t<\/div>\n\t\t\t\t<\/div>\n\t\t\t\t<nav class=\"hfe-nav-menu__layout-vertical hfe-nav-menu__submenu-arrow\" data-toggle-icon=\"&lt;i aria-hidden=&quot;true&quot; tabindex=&quot;0&quot; class=&quot;fas fa-align-justify&quot;&gt;&lt;\/i&gt;\" data-close-icon=\"&lt;i aria-hidden=&quot;true&quot; tabindex=&quot;0&quot; class=&quot;far fa-window-close&quot;&gt;&lt;\/i&gt;\" data-full-width=\"yes\">\n\t\t\t\t\t<ul id=\"menu-1-f4ec40c\" class=\"hfe-nav-menu\"><li id=\"menu-item-3737\" class=\"menu-item menu-item-type-post_type menu-item-object-page parent hfe-creative-menu\"><a href=\"https:\/\/qlaay.com\/fr\/qups\/\" class = \"hfe-menu-item\">qups<\/a><\/li>\n<li id=\"menu-item-3797\" class=\"menu-item menu-item-type-post_type menu-item-object-page parent hfe-creative-menu\"><a href=\"https:\/\/qlaay.com\/fr\/bowls\/\" class = \"hfe-menu-item\">bowls<\/a><\/li>\n<li id=\"menu-item-3796\" class=\"menu-item menu-item-type-post_type menu-item-object-page parent hfe-creative-menu\"><a href=\"https:\/\/qlaay.com\/fr\/vases\/\" class = \"hfe-menu-item\">vases<\/a><\/li>\n<li id=\"menu-item-3794\" class=\"menu-item menu-item-type-post_type menu-item-object-page parent hfe-creative-menu\"><a href=\"https:\/\/qlaay.com\/fr\/hand-built\/\" class = \"hfe-menu-item\">mod\u00e9l\u00e9<\/a><\/li>\n<li id=\"menu-item-3793\" class=\"menu-item menu-item-type-post_type menu-item-object-page parent hfe-creative-menu\"><a href=\"https:\/\/qlaay.com\/fr\/wheel-thrown\/\" class = \"hfe-menu-item\">au tour<\/a><\/li>\n<li id=\"menu-item-3795\" class=\"menu-item menu-item-type-post_type menu-item-object-page parent hfe-creative-menu\"><a href=\"https:\/\/qlaay.com\/fr\/porcelain\/\" class = \"hfe-menu-item\">procelain<\/a><\/li>\n<li id=\"menu-item-3792\" class=\"menu-item menu-item-type-post_type menu-item-object-page parent hfe-creative-menu\"><a href=\"https:\/\/qlaay.com\/fr\/black-stoneware\/\" class = \"hfe-menu-item\">noir lisse<\/a><\/li>\n<li id=\"menu-item-3791\" class=\"menu-item menu-item-type-post_type menu-item-object-page parent hfe-creative-menu\"><a href=\"https:\/\/qlaay.com\/fr\/white-stoneware\/\" class = \"hfe-menu-item\">gr\u00e8s blanc<\/a><\/li>\n<li id=\"menu-item-6172\" class=\"menu-item menu-item-type-post_type menu-item-object-page parent hfe-creative-menu\"><a href=\"https:\/\/qlaay.com\/fr\/red-stoneware\/\" class = \"hfe-menu-item\">red stoneware<\/a><\/li>\n<li id=\"menu-item-6312\" class=\"menu-item menu-item-type-post_type menu-item-object-page parent hfe-creative-menu\"><a href=\"https:\/\/qlaay.com\/fr\/wild-qlaay\/\" class = \"hfe-menu-item\">wild qlaay<\/a><\/li>\n<li id=\"menu-item-1910\" class=\"menu-item menu-item-type-post_type menu-item-object-page parent hfe-creative-menu\"><a href=\"https:\/\/qlaay.com\/fr\/bea-romeo\/\" class = \"hfe-menu-item\">bea romeo<\/a><\/li>\n<li id=\"menu-item-1911\" class=\"menu-item menu-item-type-post_type menu-item-object-page parent hfe-creative-menu\"><a href=\"https:\/\/qlaay.com\/fr\/e-m-romeo\/\" class = \"hfe-menu-item\">e.m.romeo<\/a><\/li>\n<li id=\"menu-item-3927\" class=\"menu-item menu-item-type-post_type menu-item-object-page menu-item-has-children parent hfe-has-submenu hfe-creative-menu\"><div class=\"hfe-has-submenu-container\" tabindex=\"0\" role=\"button\" aria-haspopup=\"true\" aria-expanded=\"false\"><a href=\"https:\/\/qlaay.com\/fr\/merch\/\" class = \"hfe-menu-item\">merch<span class='hfe-menu-toggle sub-arrow hfe-menu-child-0'><i class='fa'><\/i><\/span><\/a><\/div>\n<ul class=\"sub-menu\">\n\t<li id=\"menu-item-5591\" class=\"menu-item menu-item-type-post_type menu-item-object-page hfe-creative-menu\"><a href=\"https:\/\/qlaay.com\/fr\/hoodies\/\" class = \"hfe-sub-menu-item\">hoodies<\/a><\/li>\n\t<li id=\"menu-item-5588\" class=\"menu-item menu-item-type-post_type menu-item-object-page hfe-creative-menu\"><a href=\"https:\/\/qlaay.com\/fr\/aprons\/\" class = \"hfe-sub-menu-item\">aprons<\/a><\/li>\n\t<li id=\"menu-item-3926\" class=\"menu-item menu-item-type-post_type menu-item-object-page menu-item-has-children hfe-has-submenu hfe-creative-menu\"><div class=\"hfe-has-submenu-container\" tabindex=\"0\" role=\"button\" aria-haspopup=\"true\" aria-expanded=\"false\"><a href=\"https:\/\/qlaay.com\/fr\/hats\/\" class = \"hfe-sub-menu-item\">hats<span class='hfe-menu-toggle sub-arrow hfe-menu-child-1'><i class='fa'><\/i><\/span><\/a><\/div>\n\t<ul class=\"sub-menu\">\n\t\t<li id=\"menu-item-5487\" class=\"menu-item menu-item-type-post_type menu-item-object-page hfe-creative-menu\"><a href=\"https:\/\/qlaay.com\/fr\/winter-hats\/\" class = \"hfe-sub-menu-item\">winter hats<\/a><\/li>\n\t\t<li id=\"menu-item-5456\" class=\"menu-item menu-item-type-post_type menu-item-object-page menu-item-has-children hfe-has-submenu hfe-creative-menu\"><div class=\"hfe-has-submenu-container\" tabindex=\"0\" role=\"button\" aria-haspopup=\"true\" aria-expanded=\"false\"><a href=\"https:\/\/qlaay.com\/fr\/amphora\/\" class = \"hfe-sub-menu-item\">amphora<span class='hfe-menu-toggle sub-arrow hfe-menu-child-2'><i class='fa'><\/i><\/span><\/a><\/div>\n\t\t<ul class=\"sub-menu\">\n\t\t\t<li id=\"menu-item-4104\" class=\"menu-item menu-item-type-post_type menu-item-object-page hfe-creative-menu\"><a href=\"https:\/\/qlaay.com\/fr\/snow-white\/\" class = \"hfe-sub-menu-item\">snow white<\/a><\/li>\n\t\t\t<li id=\"menu-item-4397\" class=\"menu-item menu-item-type-post_type menu-item-object-page hfe-creative-menu\"><a href=\"https:\/\/qlaay.com\/fr\/royal-blue\/\" class = \"hfe-sub-menu-item\">royal blue<\/a><\/li>\n\t\t\t<li id=\"menu-item-4393\" class=\"menu-item menu-item-type-post_type menu-item-object-page hfe-creative-menu\"><a href=\"https:\/\/qlaay.com\/fr\/pink-flamingo\/\" class = \"hfe-sub-menu-item\">pink flamingo<\/a><\/li>\n\t\t\t<li id=\"menu-item-4390\" class=\"menu-item menu-item-type-post_type menu-item-object-page hfe-creative-menu\"><a href=\"https:\/\/qlaay.com\/fr\/old-gold\/\" class = \"hfe-sub-menu-item\">old gold<\/a><\/li>\n\t\t\t<li id=\"menu-item-4396\" class=\"menu-item menu-item-type-post_type menu-item-object-page hfe-creative-menu\"><a href=\"https:\/\/qlaay.com\/fr\/navy-blue\/\" class = \"hfe-sub-menu-item\">navy blue<\/a><\/li>\n\t\t\t<li id=\"menu-item-4388\" class=\"menu-item menu-item-type-post_type menu-item-object-page hfe-creative-menu\"><a href=\"https:\/\/qlaay.com\/fr\/midnight-black\/\" class = \"hfe-sub-menu-item\">midnight black<\/a><\/li>\n\t\t\t<li id=\"menu-item-4860\" class=\"menu-item menu-item-type-post_type menu-item-object-page hfe-creative-menu\"><a href=\"https:\/\/qlaay.com\/fr\/kiwi-green\/\" class = \"hfe-sub-menu-item\">kiwi green<\/a><\/li>\n\t\t\t<li id=\"menu-item-4399\" class=\"menu-item menu-item-type-post_type menu-item-object-page hfe-creative-menu\"><a href=\"https:\/\/qlaay.com\/fr\/kelly-green\/\" class = \"hfe-sub-menu-item\">kelly green<\/a><\/li>\n\t\t\t<li id=\"menu-item-4062\" class=\"menu-item menu-item-type-post_type menu-item-object-page hfe-creative-menu\"><a href=\"https:\/\/qlaay.com\/fr\/imperial-purple\/\" class = \"hfe-sub-menu-item\">imperial purple<\/a><\/li>\n\t\t\t<li id=\"menu-item-4392\" class=\"menu-item menu-item-type-post_type menu-item-object-page hfe-creative-menu\"><a href=\"https:\/\/qlaay.com\/fr\/hot-orange\/\" class = \"hfe-sub-menu-item\">hot orange<\/a><\/li>\n\t\t\t<li id=\"menu-item-4398\" class=\"menu-item menu-item-type-post_type menu-item-object-page hfe-creative-menu\"><a href=\"https:\/\/qlaay.com\/fr\/aqua-teal\/\" class = \"hfe-sub-menu-item\">aqua teal<\/a><\/li>\n\t\t\t<li id=\"menu-item-4389\" class=\"menu-item menu-item-type-post_type menu-item-object-page hfe-creative-menu\"><a href=\"https:\/\/qlaay.com\/fr\/battleship-grey\/\" class = \"hfe-sub-menu-item\">battleship grey<\/a><\/li>\n\t\t\t<li id=\"menu-item-4394\" class=\"menu-item menu-item-type-post_type menu-item-object-page hfe-creative-menu\"><a href=\"https:\/\/qlaay.com\/fr\/cherry-red\/\" class = \"hfe-sub-menu-item\">cherry red<\/a><\/li>\n\t\t\t<li id=\"menu-item-4395\" class=\"menu-item menu-item-type-post_type menu-item-object-page hfe-creative-menu\"><a href=\"https:\/\/qlaay.com\/fr\/deep-maroon\/\" class = \"hfe-sub-menu-item\">deep maroon<\/a><\/li>\n\t\t\t<li id=\"menu-item-4391\" class=\"menu-item menu-item-type-post_type menu-item-object-page hfe-creative-menu\"><a href=\"https:\/\/qlaay.com\/fr\/gold\/\" class = \"hfe-sub-menu-item\">gold<\/a><\/li>\n\t\t<\/ul>\n<\/li>\n\t<\/ul>\n<\/li>\n<\/ul>\n<\/li>\n<\/ul> \n\t\t\t\t<\/nav>\n\t\t\t<\/div>\n\t\t\t\t\t\t\t<\/div>\n\t\t\t\t<\/div>\n\t\t\t\t<\/div>\n\t\t\t\t<div class=\"elementor-element elementor-element-125e181 elementor-widget elementor-widget-image\" data-id=\"125e181\" data-element_type=\"widget\" data-e-type=\"widget\" data-widget_type=\"image.default\">\n\t\t\t\t<div class=\"elementor-widget-container\">\n\t\t\t\t\t\t\t\t\t\t\t\t\t\t\t<img fetchpriority=\"high\" decoding=\"async\" width=\"1000\" height=\"1000\" src=\"https:\/\/qlaay.com\/wp-content\/uploads\/2024\/02\/231104EricHeadshot.jpg\" class=\"attachment-large size-large wp-image-436\" alt=\"\" srcset=\"https:\/\/qlaay.com\/wp-content\/uploads\/2024\/02\/231104EricHeadshot.jpg 1000w, https:\/\/qlaay.com\/wp-content\/uploads\/2024\/02\/231104EricHeadshot-100x100.jpg 100w, https:\/\/qlaay.com\/wp-content\/uploads\/2024\/02\/231104EricHeadshot-600x600.jpg 600w, https:\/\/qlaay.com\/wp-content\/uploads\/2024\/02\/231104EricHeadshot-300x300.jpg 300w, https:\/\/qlaay.com\/wp-content\/uploads\/2024\/02\/231104EricHeadshot-150x150.jpg 150w, https:\/\/qlaay.com\/wp-content\/uploads\/2024\/02\/231104EricHeadshot-768x768.jpg 768w\" sizes=\"(max-width: 1000px) 100vw, 1000px\" \/>\t\t\t\t\t\t\t\t\t\t\t\t\t\t\t<\/div>\n\t\t\t\t<\/div>\n\t\t\t\t<div class=\"elementor-element elementor-element-0fc7232 elementor-widget elementor-widget-text-editor\" data-id=\"0fc7232\" data-element_type=\"widget\" data-e-type=\"widget\" data-widget_type=\"text-editor.default\">\n\t\t\t\t<div class=\"elementor-widget-container\">\n\t\t\t\t\t\t\t\t\t<p>Welcome to Qlaay. I am E.M. Romeo, an architect, designer, builder, and artist. My work is driven by the creation of histories and the moment when form and beauty meet. Currently, my focus is on wheel-thrown ceramics.<\/p><p>Dans ma pratique, je documente chaque pi\u00e8ce qui quitte mon tour avec succ\u00e8s apr\u00e8s l'\u00e9barbage. En num\u00e9rotant et en r\u00e9digeant un bref historique pour chaque \u0153uvre, je cherche \u00e0 enregistrer la progression de ma pratique et le d\u00e9veloppement de mes comp\u00e9tences en tant qu'artiste. Ce processus remet en question la vision traditionnelle de la production de c\u00e9ramique, o\u00f9 les objets en argile sont souvent consid\u00e9r\u00e9s comme non pr\u00e9cieux. Je pense au contraire que la pr\u00e9ciosit\u00e9 r\u00e9side dans le temps et les efforts que l'artiste investit dans la cr\u00e9ation de chaque pi\u00e8ce.<\/p><p>M\u00eame les \u0153uvres cass\u00e9es ou imparfaites font partie de cette collection. En cr\u00e9ant une histoire pour chaque pi\u00e8ce, j'esp\u00e8re que les collectionneurs se connecteront avec moi \u00e0 travers ce bref moment \u00e0 mon tour, captur\u00e9 et document\u00e9 dans l'argile.<\/p><p>I invite you to explore my work and join me in appreciating the artistry and history behind each piece.<\/p>\t\t\t\t\t\t\t\t<\/div>\n\t\t\t\t<\/div>\n\t\t\t\t<\/div>\n\t\t\t\t<\/div>","protected":false},"excerpt":{"rendered":"<p>Menu qups bowls vases hand built wheel thrown porcelain black stoneware white stoneware bea romeo e.m.romeo merch hoodies aprons hats winter hats amphora snow white royal blue pink flamingo old gold navy blue midnight black kiwi green kelly green imperial purple hot orange aqua teal battleship grey cherry red deep maroon gold Welcome to Qlaay. I am E.M. Romeo, an architect, designer, builder, and artist. My work is driven by the creation of histories and the moment when form and beauty meet. Currently, my focus is on wheel-thrown ceramics. In my practice, I document each piece that successfully leaves my wheel after trimming. By numbering and writing a brief history for each work, I aim to record the progression of my practice and the development of my skills as an artist. This process challenges the traditional view of ceramic production, where clay objects are often seen as non-precious. Instead, I believe preciousness lies in the time and effort the artist invests in creating each piece. Even broken or flawed works are offered as part of this collection. By creating a history for each piece, I hope collectors will connect with me through that brief moment at my wheel, captured and documented in clay. I invite you to explore my work and join me in appreciating the artistry and history behind each piece.<\/p>","protected":false},"author":1,"featured_media":0,"parent":0,"menu_order":0,"comment_status":"closed","ping_status":"closed","template":"","meta":{"_eb_attr":"","footnotes":""},"class_list":["post-1197","page","type-page","status-publish","hentry"],"blocksy_meta":{"has_hero_section":"disabled"},"_links":{"self":[{"href":"https:\/\/qlaay.com\/fr\/wp-json\/wp\/v2\/pages\/1197","targetHints":{"allow":["GET"]}}],"collection":[{"href":"https:\/\/qlaay.com\/fr\/wp-json\/wp\/v2\/pages"}],"about":[{"href":"https:\/\/qlaay.com\/fr\/wp-json\/wp\/v2\/types\/page"}],"author":[{"embeddable":true,"href":"https:\/\/qlaay.com\/fr\/wp-json\/wp\/v2\/users\/1"}],"replies":[{"embeddable":true,"href":"https:\/\/qlaay.com\/fr\/wp-json\/wp\/v2\/comments?post=1197"}],"version-history":[{"count":67,"href":"https:\/\/qlaay.com\/fr\/wp-json\/wp\/v2\/pages\/1197\/revisions"}],"predecessor-version":[{"id":6157,"href":"https:\/\/qlaay.com\/fr\/wp-json\/wp\/v2\/pages\/1197\/revisions\/6157"}],"wp:attachment":[{"href":"https:\/\/qlaay.com\/fr\/wp-json\/wp\/v2\/media?parent=1197"}],"curies":[{"name":"wp","href":"https:\/\/api.w.org\/{rel}","templated":true}]}}